{"id":248,"date":"2014-02-02T18:45:41","date_gmt":"2014-02-02T18:45:41","guid":{"rendered":"https:\/\/ultra-lab.es\/galeriebost\/?page_id=248"},"modified":"2014-02-02T18:45:41","modified_gmt":"2014-02-02T18:45:41","slug":"mentions-legales","status":"publish","type":"page","link":"https:\/\/galerie-bost.com\/index.php\/mentions-legales\/","title":{"rendered":"Mentions l\u00e9gales"},"content":{"rendered":"<p>La Galerie Bost est titulaire des droits de propri\u00e9t\u00e9 intellectuelle sur l\u2019ensemble des \u00e9l\u00e9ments composant le site. A ce titre, sauf autorisation pr\u00e9alable et \u00e9crite de la Galerie Bost, vous ne pouvez proc\u00e9der \u00e0 une quelconque reproduction, repr\u00e9sentation, adaptation, traduction et\/ou transformation partielle ou int\u00e9grale, et\/ou un transfert sur un autre site Internet de tout \u00e9l\u00e9ment ou donn\u00e9e composant le site.<\/p>\n<p>Les images appartiennent aux artistes qui ont ici permis leur utilisation \u00e0 des fins promotionnelles. Toute reproduction des images, textes, marques et\/ou logos figurant sur le site, par quelque moyen que ce soit, sans autorisation pr\u00e9alable et \u00e9crite de la Galerie Bost est strictement interdite.<\/p>\n","protected":false},"excerpt":{"rendered":"<p>La Galerie Bost est titulaire des droits de propri\u00e9t\u00e9 intellectuelle sur l\u2019ensemble des \u00e9l\u00e9ments composant le site. A ce titre, sauf autorisation pr\u00e9alable et \u00e9crite de la Galerie Bost, vous ne pouvez proc\u00e9der \u00e0 une quelconque reproduction, repr\u00e9sentation, adaptation, traduction et\/ou transformation partielle ou int\u00e9grale, et\/ou un transfert sur un autre site Internet de tout [&hellip;]<\/p>\n","protected":false},"author":1,"featured_media":0,"parent":0,"menu_order":0,"comment_status":"closed","ping_status":"closed","template":"","meta":[],"yoast_head":"<!-- This site is optimized with the Yoast SEO plugin v17.2 - https:\/\/yoast.com\/wordpress\/plugins\/seo\/ -->\n<title>Mentions l\u00e9gales - Galerie Bost Art Contemporain<\/title>\n<meta name=\"robots\" content=\"index, follow, max-snippet:-1, max-image-preview:large, max-video-preview:-1\" \/>\n<link rel=\"canonical\" href=\"https:\/\/galerie-bost.com\/index.php\/mentions-legales\/\" \/>\n<meta property=\"og:locale\" content=\"fr_FR\" \/>\n<meta property=\"og:type\" content=\"article\" \/>\n<meta property=\"og:title\" content=\"Mentions l\u00e9gales - Galerie Bost Art Contemporain\" \/>\n<meta property=\"og:description\" content=\"La Galerie Bost est titulaire des droits de propri\u00e9t\u00e9 intellectuelle sur l\u2019ensemble des \u00e9l\u00e9ments composant le site. A ce titre, sauf autorisation pr\u00e9alable et \u00e9crite de la Galerie Bost, vous ne pouvez proc\u00e9der \u00e0 une quelconque reproduction, repr\u00e9sentation, adaptation, traduction et\/ou transformation partielle ou int\u00e9grale, et\/ou un transfert sur un autre site Internet de tout [&hellip;]\" \/>\n<meta property=\"og:url\" content=\"https:\/\/galerie-bost.com\/index.php\/mentions-legales\/\" \/>\n<meta property=\"og:site_name\" content=\"Galerie Bost\" \/>\n<meta name=\"twitter:card\" content=\"summary_large_image\" \/>\n<meta name=\"twitter:label1\" content=\"Dur\u00e9e de lecture est.\" \/>\n\t<meta name=\"twitter:data1\" content=\"1 minute\" \/>\n<script type=\"application\/ld+json\" class=\"yoast-schema-graph\">{\"@context\":\"https:\/\/schema.org\",\"@graph\":[{\"@type\":\"Organization\",\"@id\":\"https:\/\/galerie-bost.com\/#organization\",\"name\":\"Galerie Bost\",\"url\":\"https:\/\/galerie-bost.com\/\",\"sameAs\":[],\"logo\":{\"@type\":\"ImageObject\",\"@id\":\"https:\/\/galerie-bost.com\/#logo\",\"inLanguage\":\"fr-FR\",\"url\":\"https:\/\/galerie-bost.com\/wp-content\/uploads\/2017\/11\/logoBost1.png\",\"contentUrl\":\"https:\/\/galerie-bost.com\/wp-content\/uploads\/2017\/11\/logoBost1.png\",\"width\":280,\"height\":47,\"caption\":\"Galerie Bost\"},\"image\":{\"@id\":\"https:\/\/galerie-bost.com\/#logo\"}},{\"@type\":\"WebSite\",\"@id\":\"https:\/\/galerie-bost.com\/#website\",\"url\":\"https:\/\/galerie-bost.com\/\",\"name\":\"Galerie Bost\",\"description\":\"Galerie d&#039;art contemporain. Toile et d\\u00e9coration\",\"publisher\":{\"@id\":\"https:\/\/galerie-bost.com\/#organization\"},\"potentialAction\":[{\"@type\":\"SearchAction\",\"target\":{\"@type\":\"EntryPoint\",\"urlTemplate\":\"https:\/\/galerie-bost.com\/?s={search_term_string}\"},\"query-input\":\"required name=search_term_string\"}],\"inLanguage\":\"fr-FR\"},{\"@type\":\"WebPage\",\"@id\":\"https:\/\/galerie-bost.com\/index.php\/mentions-legales\/#webpage\",\"url\":\"https:\/\/galerie-bost.com\/index.php\/mentions-legales\/\",\"name\":\"Mentions l\\u00e9gales - Galerie Bost Art Contemporain\",\"isPartOf\":{\"@id\":\"https:\/\/galerie-bost.com\/#website\"},\"datePublished\":\"2014-02-02T18:45:41+00:00\",\"dateModified\":\"2014-02-02T18:45:41+00:00\",\"breadcrumb\":{\"@id\":\"https:\/\/galerie-bost.com\/index.php\/mentions-legales\/#breadcrumb\"},\"inLanguage\":\"fr-FR\",\"potentialAction\":[{\"@type\":\"ReadAction\",\"target\":[\"https:\/\/galerie-bost.com\/index.php\/mentions-legales\/\"]}]},{\"@type\":\"BreadcrumbList\",\"@id\":\"https:\/\/galerie-bost.com\/index.php\/mentions-legales\/#breadcrumb\",\"itemListElement\":[{\"@type\":\"ListItem\",\"position\":1,\"name\":\"Mentions l\\u00e9gales\"}]}]}<\/script>\n<!-- \/ Yoast SEO plugin. -->","yoast_head_json":{"title":"Mentions l\u00e9gales - Galerie Bost Art Contemporain","robots":{"index":"index","follow":"follow","max-snippet":"max-snippet:-1","max-image-preview":"max-image-preview:large","max-video-preview":"max-video-preview:-1"},"canonical":"https:\/\/galerie-bost.com\/index.php\/mentions-legales\/","og_locale":"fr_FR","og_type":"article","og_title":"Mentions l\u00e9gales - Galerie Bost Art Contemporain","og_description":"La Galerie Bost est titulaire des droits de propri\u00e9t\u00e9 intellectuelle sur l\u2019ensemble des \u00e9l\u00e9ments composant le site. A ce titre, sauf autorisation pr\u00e9alable et \u00e9crite de la Galerie Bost, vous ne pouvez proc\u00e9der \u00e0 une quelconque reproduction, repr\u00e9sentation, adaptation, traduction et\/ou transformation partielle ou int\u00e9grale, et\/ou un transfert sur un autre site Internet de tout [&hellip;]","og_url":"https:\/\/galerie-bost.com\/index.php\/mentions-legales\/","og_site_name":"Galerie Bost","twitter_card":"summary_large_image","twitter_misc":{"Dur\u00e9e de lecture est.":"1 minute"},"schema":{"@context":"https:\/\/schema.org","@graph":[{"@type":"Organization","@id":"https:\/\/galerie-bost.com\/#organization","name":"Galerie Bost","url":"https:\/\/galerie-bost.com\/","sameAs":[],"logo":{"@type":"ImageObject","@id":"https:\/\/galerie-bost.com\/#logo","inLanguage":"fr-FR","url":"https:\/\/galerie-bost.com\/wp-content\/uploads\/2017\/11\/logoBost1.png","contentUrl":"https:\/\/galerie-bost.com\/wp-content\/uploads\/2017\/11\/logoBost1.png","width":280,"height":47,"caption":"Galerie Bost"},"image":{"@id":"https:\/\/galerie-bost.com\/#logo"}},{"@type":"WebSite","@id":"https:\/\/galerie-bost.com\/#website","url":"https:\/\/galerie-bost.com\/","name":"Galerie Bost","description":"Galerie d&#039;art contemporain. Toile et d\u00e9coration","publisher":{"@id":"https:\/\/galerie-bost.com\/#organization"},"potentialAction":[{"@type":"SearchAction","target":{"@type":"EntryPoint","urlTemplate":"https:\/\/galerie-bost.com\/?s={search_term_string}"},"query-input":"required name=search_term_string"}],"inLanguage":"fr-FR"},{"@type":"WebPage","@id":"https:\/\/galerie-bost.com\/index.php\/mentions-legales\/#webpage","url":"https:\/\/galerie-bost.com\/index.php\/mentions-legales\/","name":"Mentions l\u00e9gales - Galerie Bost Art Contemporain","isPartOf":{"@id":"https:\/\/galerie-bost.com\/#website"},"datePublished":"2014-02-02T18:45:41+00:00","dateModified":"2014-02-02T18:45:41+00:00","breadcrumb":{"@id":"https:\/\/galerie-bost.com\/index.php\/mentions-legales\/#breadcrumb"},"inLanguage":"fr-FR","potentialAction":[{"@type":"ReadAction","target":["https:\/\/galerie-bost.com\/index.php\/mentions-legales\/"]}]},{"@type":"BreadcrumbList","@id":"https:\/\/galerie-bost.com\/index.php\/mentions-legales\/#breadcrumb","itemListElement":[{"@type":"ListItem","position":1,"name":"Mentions l\u00e9gales"}]}]}},"_links":{"self":[{"href":"https:\/\/galerie-bost.com\/index.php\/wp-json\/wp\/v2\/pages\/248"}],"collection":[{"href":"https:\/\/galerie-bost.com\/index.php\/wp-json\/wp\/v2\/pages"}],"about":[{"href":"https:\/\/galerie-bost.com\/index.php\/wp-json\/wp\/v2\/types\/page"}],"author":[{"embeddable":true,"href":"https:\/\/galerie-bost.com\/index.php\/wp-json\/wp\/v2\/users\/1"}],"replies":[{"embeddable":true,"href":"https:\/\/galerie-bost.com\/index.php\/wp-json\/wp\/v2\/comments?post=248"}],"version-history":[{"count":0,"href":"https:\/\/galerie-bost.com\/index.php\/wp-json\/wp\/v2\/pages\/248\/revisions"}],"wp:attachment":[{"href":"https:\/\/galerie-bost.com\/index.php\/wp-json\/wp\/v2\/media?parent=248"}],"curies":[{"name":"wp","href":"https:\/\/api.w.org\/{rel}","templated":true}]}}