{"id":175,"date":"2014-02-02T14:32:43","date_gmt":"2014-02-02T14:32:43","guid":{"rendered":"https:\/\/ultra-lab.es\/galeriebost\/?page_id=175"},"modified":"2021-09-20T11:54:23","modified_gmt":"2021-09-20T09:54:23","slug":"contact","status":"publish","type":"page","link":"https:\/\/galerie-bost.com\/index.php\/contact\/","title":{"rendered":"Contact"},"content":{"rendered":"<p>[vc_row][vc_column width=\u00a0\u00bb1\/3&Prime;][vc_column_text]<\/p>\n<h4>Horaires<\/h4>\n<h5><\/h5>\n<p><big>de\u00a0mardi \u00e0 samedi<br \/>\nde 10h00 \u00e0 19h00<\/big><\/p>\n<p>et aussi sur RDV[\/vc_column_text][\/vc_column][vc_column width=\u00a0\u00bb1\/3&Prime;][vc_column_text]<\/p>\n<h4>Contact<\/h4>\n<p><big><a href=\"tel:+33 (0)9 73 61 73 77\">09 73 61 73 77<\/a><br \/>\n<\/big><big><a href=\"http:\/\/+33 (0)6 50 45 87 77\">06 50 45 87 77<\/a><br \/>\n<\/big><big><a href=\"mailto:&#105;sabe&#108;l&#101;&#64;g&#97;l&#101;r&#105;e-b&#111;&#115;&#116;&#46;&#99;&#111;&#109;\">i&#115;ab&#101;l&#108;e&#64;g&#97;leri&#101;&#45;bo&#115;&#116;&#46;c&#111;&#109;<\/a><\/big>[\/vc_column_text][\/vc_column][vc_column width=\u00a0\u00bb1\/3&Prime;][vc_column_text]<\/p>\n<h4>Adresse<\/h4>\n<p><big>Galerie Bost 24, Grande Rue<br \/>\n26 000 Valence, Dr\u00f4me<br \/>\nFrance<\/big>[\/vc_column_text][\/vc_column][\/vc_row][vc_row][vc_column][vc_empty_space height=\u00a0\u00bb20px\u00a0\u00bb][\/vc_column][\/vc_row][vc_row full_width=\u00a0\u00bbstretch_row_content\u00a0\u00bb gap=\u00a0\u00bb20&Prime; content_placement=\u00a0\u00bbmiddle\u00a0\u00bb css=\u00a0\u00bb.vc_custom_1630916004150{background-color: #eef1f3 !important;}\u00a0\u00bb][vc_column css_animation=\u00a0\u00bbfadeIn\u00a0\u00bb width=\u00a0\u00bb1\/2&Prime; css=\u00a0\u00bb.vc_custom_1630916422496{padding-right: 8% !important;padding-left: 8% !important;}\u00a0\u00bb][vc_empty_space height=\u00a0\u00bb12px\u00a0\u00bb][vc_custom_heading text=\u00a0\u00bbContactez-nous\u00a0\u00bb font_container=\u00a0\u00bbtag:h4|text_align:center\u00a0\u00bb use_theme_fonts=\u00a0\u00bbyes\u00a0\u00bb][vc_column_text]<big><\/big><\/p>\n<p style=\"text-align: center;\"><strong>Vous pouvez nos visiter \u00e0 Valence dans la Dr\u00f4me, France.<\/strong><br \/>\n<strong>Et aussi, contactez-nous ici pour poser des questions sur un artiste, une \u0153uvre ou tout ce dont vous avez besoin<\/strong><\/p>\n<p>[\/vc_column_text]<div role=\"form\" class=\"wpcf7\" id=\"wpcf7-f1129-o1\" lang=\"fr-FR\" dir=\"ltr\">\n<div class=\"screen-reader-response\"><p role=\"status\" aria-live=\"polite\" aria-atomic=\"true\"><\/p> <ul><\/ul><\/div>\n<form action=\"\/index.php\/wp-json\/wp\/v2\/pages\/175#wpcf7-f1129-o1\" method=\"post\" class=\"wpcf7-form init\" novalidate=\"novalidate\" data-status=\"init\">\n<div style=\"display: none;\">\n<input type=\"hidden\" name=\"_wpcf7\" value=\"1129\" \/>\n<input type=\"hidden\" name=\"_wpcf7_version\" value=\"5.5.2\" \/>\n<input type=\"hidden\" name=\"_wpcf7_locale\" value=\"fr_FR\" \/>\n<input type=\"hidden\" name=\"_wpcf7_unit_tag\" value=\"wpcf7-f1129-o1\" \/>\n<input type=\"hidden\" name=\"_wpcf7_container_post\" value=\"0\" \/>\n<input type=\"hidden\" name=\"_wpcf7_posted_data_hash\" value=\"\" \/>\n<\/div>\n<p><label> Votre nom (obligatoire)<br \/>\n    <span class=\"wpcf7-form-control-wrap your-name\"><input type=\"text\" name=\"your-name\" value=\"\" size=\"40\" class=\"wpcf7-form-control wpcf7-text wpcf7-validates-as-required\" aria-required=\"true\" aria-invalid=\"false\" \/><\/span> <\/label><\/p>\n<p><label> Votre e-mail (obligatoire)<br \/>\n    <span class=\"wpcf7-form-control-wrap your-email\"><input type=\"email\" name=\"your-email\" value=\"\" size=\"40\" class=\"wpcf7-form-control wpcf7-text wpcf7-email wpcf7-validates-as-required wpcf7-validates-as-email\" aria-required=\"true\" aria-invalid=\"false\" \/><\/span> <\/label><\/p>\n<p><label> Num\u00e9ro de t\u00e9l\u00e9phone (obligatoire)<br \/>\n    <span class=\"wpcf7-form-control-wrap your-phone-number\"><input type=\"tel\" name=\"your-phone-number\" value=\"\" size=\"40\" class=\"wpcf7-form-control wpcf7-text wpcf7-tel wpcf7-validates-as-required wpcf7-validates-as-tel\" aria-required=\"true\" aria-invalid=\"false\" \/><\/span> <\/label><\/p>\n<p><label> Votre message (obligatoire)<br \/>\n    <span class=\"wpcf7-form-control-wrap your-message\"><textarea name=\"your-message\" cols=\"40\" rows=\"10\" class=\"wpcf7-form-control wpcf7-textarea wpcf7-validates-as-required\" aria-required=\"true\" aria-invalid=\"false\"><\/textarea><\/span> <\/label><\/p>\n<p><input type=\"submit\" value=\"Envoyer\" class=\"wpcf7-form-control has-spinner wpcf7-submit\" \/><\/p>\n<p style=\"display: none !important;\"><label>&#916;<textarea name=\"_wpcf7_ak_hp_textarea\" cols=\"45\" rows=\"8\" maxlength=\"100\"><\/textarea><\/label><input type=\"hidden\" id=\"ak_js\" name=\"_wpcf7_ak_js\" value=\"46\"\/><script>document.getElementById( \"ak_js\" ).setAttribute( \"value\", ( new Date() ).getTime() );<\/script><\/p><div class=\"wpcf7-response-output\" aria-hidden=\"true\"><\/div><\/form><\/div>[\/vc_column][vc_column width=\u00a0\u00bb1\/2&Prime;][vc_single_image image=\u00a0\u00bb9878&Prime; img_size=\u00a0\u00bbfull\u00a0\u00bb alignment=\u00a0\u00bbcenter\u00a0\u00bb][\/vc_column][\/vc_row][vc_row full_width=\u00a0\u00bbstretch_row_content\u00a0\u00bb][vc_column][vc_column_text css=\u00a0\u00bb.vc_custom_1630916498331{margin-bottom: 0px !important;}\u00a0\u00bb]<\/p>\n<p style=\"text-align: center; line-height: 0;\"><iframe loading=\"lazy\" src=\"https:\/\/maps.google.fr\/maps?oe=utf-8&amp;client=firefox-a&amp;q=24,+Grande+Rue+26+000+Valence&amp;ie=UTF8&amp;hq=&amp;hnear=24+Grande+Rue,+26000+Valence&amp;gl=fr&amp;ll=44.932935,4.890788&amp;spn=0.009752,0.030899&amp;t=m&amp;z=14&amp;vpsrc=0&amp;output=embed\" width=\"100%\" height=\"400\" frameborder=\"0\" marginwidth=\"0\" marginheight=\"0\" scrolling=\"no\" data-mce-fragment=\"1\"><\/iframe><\/p>\n<p>[\/vc_column_text][\/vc_column][\/vc_row]<\/p>\n","protected":false},"excerpt":{"rendered":"<p>[vc_row][vc_column width=\u00a0\u00bb1\/3&Prime;][vc_column_text] Horaires de\u00a0mardi \u00e0 samedi de 10h00 \u00e0 19h00 et aussi sur RDV[\/vc_column_text][\/vc_column][vc_column width=\u00a0\u00bb1\/3&Prime;][vc_column_text] Contact 09 73 61 73 77 06 50 45 87 77 &#105;s&#97;b&#101;&#108;l&#101;&#64;g&#97;&#108;e&#114;&#105;e-&#98;&#111;&#115;&#116;.c&#111;m[\/vc_column_text][\/vc_column][vc_column width=\u00a0\u00bb1\/3&Prime;][vc_column_text] Adresse Galerie Bost 24, Grande Rue 26 000 Valence, Dr\u00f4me France[\/vc_column_text][\/vc_column][\/vc_row][vc_row][vc_column][vc_empty_space height=\u00a0\u00bb20px\u00a0\u00bb][\/vc_column][\/vc_row][vc_row full_width=\u00a0\u00bbstretch_row_content\u00a0\u00bb gap=\u00a0\u00bb20&Prime; content_placement=\u00a0\u00bbmiddle\u00a0\u00bb css=\u00a0\u00bb.vc_custom_1630916004150{background-color: #eef1f3 !important;}\u00a0\u00bb][vc_column css_animation=\u00a0\u00bbfadeIn\u00a0\u00bb width=\u00a0\u00bb1\/2&Prime; css=\u00a0\u00bb.vc_custom_1630916422496{padding-right: 8% !important;padding-left: 8% !important;}\u00a0\u00bb][vc_empty_space height=\u00a0\u00bb12px\u00a0\u00bb][vc_custom_heading text=\u00a0\u00bbContactez-nous\u00a0\u00bb [&hellip;]<\/p>\n","protected":false},"author":1,"featured_media":0,"parent":0,"menu_order":5,"comment_status":"closed","ping_status":"closed","template":"","meta":[],"yoast_head":"<!-- This site is optimized with the Yoast SEO plugin v17.2 - https:\/\/yoast.com\/wordpress\/plugins\/seo\/ -->\n<title>Contact - Galerie Bost Art Contemporain - Valence, Dr\u00f4me<\/title>\n<meta name=\"description\" content=\"Galerie Bost est une galerie d&#039;art contemporain \u00e0 Valence, dans la Dr\u00f4me, France. Vous pouvez acheter des d\u00e9corations, comme toiles et sculptures\" \/>\n<meta name=\"robots\" content=\"index, follow, max-snippet:-1, max-image-preview:large, max-video-preview:-1\" \/>\n<link rel=\"canonical\" href=\"https:\/\/galerie-bost.com\/index.php\/contact\/\" \/>\n<meta property=\"og:locale\" content=\"fr_FR\" \/>\n<meta property=\"og:type\" content=\"article\" \/>\n<meta property=\"og:title\" content=\"Contact - Galerie Bost Art Contemporain - Valence, Dr\u00f4me\" \/>\n<meta property=\"og:description\" content=\"Galerie Bost est une galerie d&#039;art contemporain \u00e0 Valence, dans la Dr\u00f4me, France. Vous pouvez acheter des d\u00e9corations, comme toiles et sculptures\" \/>\n<meta property=\"og:url\" content=\"https:\/\/galerie-bost.com\/index.php\/contact\/\" \/>\n<meta property=\"og:site_name\" content=\"Galerie Bost\" \/>\n<meta property=\"article:modified_time\" content=\"2021-09-20T09:54:23+00:00\" \/>\n<meta name=\"twitter:card\" content=\"summary_large_image\" \/>\n<meta name=\"twitter:label1\" content=\"Dur\u00e9e de lecture est.\" \/>\n\t<meta name=\"twitter:data1\" content=\"1 minute\" \/>\n<script type=\"application\/ld+json\" class=\"yoast-schema-graph\">{\"@context\":\"https:\/\/schema.org\",\"@graph\":[{\"@type\":\"Organization\",\"@id\":\"https:\/\/galerie-bost.com\/#organization\",\"name\":\"Galerie Bost\",\"url\":\"https:\/\/galerie-bost.com\/\",\"sameAs\":[],\"logo\":{\"@type\":\"ImageObject\",\"@id\":\"https:\/\/galerie-bost.com\/#logo\",\"inLanguage\":\"fr-FR\",\"url\":\"https:\/\/galerie-bost.com\/wp-content\/uploads\/2017\/11\/logoBost1.png\",\"contentUrl\":\"https:\/\/galerie-bost.com\/wp-content\/uploads\/2017\/11\/logoBost1.png\",\"width\":280,\"height\":47,\"caption\":\"Galerie Bost\"},\"image\":{\"@id\":\"https:\/\/galerie-bost.com\/#logo\"}},{\"@type\":\"WebSite\",\"@id\":\"https:\/\/galerie-bost.com\/#website\",\"url\":\"https:\/\/galerie-bost.com\/\",\"name\":\"Galerie Bost\",\"description\":\"Galerie d&#039;art contemporain. Toile et d\\u00e9coration\",\"publisher\":{\"@id\":\"https:\/\/galerie-bost.com\/#organization\"},\"potentialAction\":[{\"@type\":\"SearchAction\",\"target\":{\"@type\":\"EntryPoint\",\"urlTemplate\":\"https:\/\/galerie-bost.com\/?s={search_term_string}\"},\"query-input\":\"required name=search_term_string\"}],\"inLanguage\":\"fr-FR\"},{\"@type\":\"WebPage\",\"@id\":\"https:\/\/galerie-bost.com\/index.php\/contact\/#webpage\",\"url\":\"https:\/\/galerie-bost.com\/index.php\/contact\/\",\"name\":\"Contact - Galerie Bost Art Contemporain - Valence, Dr\\u00f4me\",\"isPartOf\":{\"@id\":\"https:\/\/galerie-bost.com\/#website\"},\"datePublished\":\"2014-02-02T14:32:43+00:00\",\"dateModified\":\"2021-09-20T09:54:23+00:00\",\"description\":\"Galerie Bost est une galerie d'art contemporain \\u00e0 Valence, dans la Dr\\u00f4me, France. Vous pouvez acheter des d\\u00e9corations, comme toiles et sculptures\",\"breadcrumb\":{\"@id\":\"https:\/\/galerie-bost.com\/index.php\/contact\/#breadcrumb\"},\"inLanguage\":\"fr-FR\",\"potentialAction\":[{\"@type\":\"ReadAction\",\"target\":[\"https:\/\/galerie-bost.com\/index.php\/contact\/\"]}]},{\"@type\":\"BreadcrumbList\",\"@id\":\"https:\/\/galerie-bost.com\/index.php\/contact\/#breadcrumb\",\"itemListElement\":[{\"@type\":\"ListItem\",\"position\":1,\"name\":\"Contact\"}]}]}<\/script>\n<!-- \/ Yoast SEO plugin. -->","yoast_head_json":{"title":"Contact - Galerie Bost Art Contemporain - Valence, Dr\u00f4me","description":"Galerie Bost est une galerie d'art contemporain \u00e0 Valence, dans la Dr\u00f4me, France. Vous pouvez acheter des d\u00e9corations, comme toiles et sculptures","robots":{"index":"index","follow":"follow","max-snippet":"max-snippet:-1","max-image-preview":"max-image-preview:large","max-video-preview":"max-video-preview:-1"},"canonical":"https:\/\/galerie-bost.com\/index.php\/contact\/","og_locale":"fr_FR","og_type":"article","og_title":"Contact - Galerie Bost Art Contemporain - Valence, Dr\u00f4me","og_description":"Galerie Bost est une galerie d'art contemporain \u00e0 Valence, dans la Dr\u00f4me, France. Vous pouvez acheter des d\u00e9corations, comme toiles et sculptures","og_url":"https:\/\/galerie-bost.com\/index.php\/contact\/","og_site_name":"Galerie Bost","article_modified_time":"2021-09-20T09:54:23+00:00","twitter_card":"summary_large_image","twitter_misc":{"Dur\u00e9e de lecture est.":"1 minute"},"schema":{"@context":"https:\/\/schema.org","@graph":[{"@type":"Organization","@id":"https:\/\/galerie-bost.com\/#organization","name":"Galerie Bost","url":"https:\/\/galerie-bost.com\/","sameAs":[],"logo":{"@type":"ImageObject","@id":"https:\/\/galerie-bost.com\/#logo","inLanguage":"fr-FR","url":"https:\/\/galerie-bost.com\/wp-content\/uploads\/2017\/11\/logoBost1.png","contentUrl":"https:\/\/galerie-bost.com\/wp-content\/uploads\/2017\/11\/logoBost1.png","width":280,"height":47,"caption":"Galerie Bost"},"image":{"@id":"https:\/\/galerie-bost.com\/#logo"}},{"@type":"WebSite","@id":"https:\/\/galerie-bost.com\/#website","url":"https:\/\/galerie-bost.com\/","name":"Galerie Bost","description":"Galerie d&#039;art contemporain. Toile et d\u00e9coration","publisher":{"@id":"https:\/\/galerie-bost.com\/#organization"},"potentialAction":[{"@type":"SearchAction","target":{"@type":"EntryPoint","urlTemplate":"https:\/\/galerie-bost.com\/?s={search_term_string}"},"query-input":"required name=search_term_string"}],"inLanguage":"fr-FR"},{"@type":"WebPage","@id":"https:\/\/galerie-bost.com\/index.php\/contact\/#webpage","url":"https:\/\/galerie-bost.com\/index.php\/contact\/","name":"Contact - Galerie Bost Art Contemporain - Valence, Dr\u00f4me","isPartOf":{"@id":"https:\/\/galerie-bost.com\/#website"},"datePublished":"2014-02-02T14:32:43+00:00","dateModified":"2021-09-20T09:54:23+00:00","description":"Galerie Bost est une galerie d'art contemporain \u00e0 Valence, dans la Dr\u00f4me, France. Vous pouvez acheter des d\u00e9corations, comme toiles et sculptures","breadcrumb":{"@id":"https:\/\/galerie-bost.com\/index.php\/contact\/#breadcrumb"},"inLanguage":"fr-FR","potentialAction":[{"@type":"ReadAction","target":["https:\/\/galerie-bost.com\/index.php\/contact\/"]}]},{"@type":"BreadcrumbList","@id":"https:\/\/galerie-bost.com\/index.php\/contact\/#breadcrumb","itemListElement":[{"@type":"ListItem","position":1,"name":"Contact"}]}]}},"_links":{"self":[{"href":"https:\/\/galerie-bost.com\/index.php\/wp-json\/wp\/v2\/pages\/175"}],"collection":[{"href":"https:\/\/galerie-bost.com\/index.php\/wp-json\/wp\/v2\/pages"}],"about":[{"href":"https:\/\/galerie-bost.com\/index.php\/wp-json\/wp\/v2\/types\/page"}],"author":[{"embeddable":true,"href":"https:\/\/galerie-bost.com\/index.php\/wp-json\/wp\/v2\/users\/1"}],"replies":[{"embeddable":true,"href":"https:\/\/galerie-bost.com\/index.php\/wp-json\/wp\/v2\/comments?post=175"}],"version-history":[{"count":5,"href":"https:\/\/galerie-bost.com\/index.php\/wp-json\/wp\/v2\/pages\/175\/revisions"}],"predecessor-version":[{"id":10854,"href":"https:\/\/galerie-bost.com\/index.php\/wp-json\/wp\/v2\/pages\/175\/revisions\/10854"}],"wp:attachment":[{"href":"https:\/\/galerie-bost.com\/index.php\/wp-json\/wp\/v2\/media?parent=175"}],"curies":[{"name":"wp","href":"https:\/\/api.w.org\/{rel}","templated":true}]}}